{"id":686,"date":"2019-09-01T10:04:33","date_gmt":"2019-09-01T08:04:33","guid":{"rendered":"https:\/\/www.ivanpaganessi.com\/?page_id=686"},"modified":"2019-09-25T20:13:10","modified_gmt":"2019-09-25T18:13:10","slug":"about-me-de","status":"publish","type":"page","link":"https:\/\/www.ivanpaganessi.com\/index.php\/about-me-de\/","title":{"rendered":"About me"},"content":{"rendered":"<div class=\"wpb-content-wrapper\"><p>[vc_row full_width=&#8221;stretch_row_content_no_spaces&#8221; css=&#8221;.vc_custom_1567339625002{background-color: #ffcc00 !important;}&#8221;][vc_column][vc_custom_heading text=&#8221;\u00dcber mich &#8211; Ivan Paganessi&#8221; font_container=&#8221;tag:h2|text_align:center|color:%23000000&#8243; use_theme_fonts=&#8221;yes&#8221;][vc_empty_space height=&#8221;15px&#8221;][\/vc_column][\/vc_row][vc_row full_width=&#8221;stretch_row&#8221; css=&#8221;.vc_custom_1567936725711{background-color: #ffcc00 !important;}&#8221;][vc_column width=&#8221;1\/4&#8243;][\/vc_column][vc_column width=&#8221;1\/6&#8243;][vc_single_image image=&#8221;898&#8243; img_size=&#8221;full&#8221; alignment=&#8221;center&#8221; onclick=&#8221;custom_link&#8221; link=&#8221;https:\/\/www.ivanpaganessi.com\/index.php\/about-me-de\/&#8221;][\/vc_column][vc_column width=&#8221;1\/6&#8243;][vc_single_image image=&#8221;897&#8243; img_size=&#8221;full&#8221; alignment=&#8221;center&#8221; onclick=&#8221;custom_link&#8221; link=&#8221;https:\/\/www.ivanpaganessi.com\/index.php\/about-me-it\/&#8221;][\/vc_column][vc_column width=&#8221;1\/6&#8243;][vc_single_image image=&#8221;896&#8243; img_size=&#8221;full&#8221; alignment=&#8221;center&#8221; onclick=&#8221;custom_link&#8221; link=&#8221;https:\/\/www.ivanpaganessi.com\/index.php\/about-me-en\/&#8221;][\/vc_column][vc_column width=&#8221;1\/4&#8243;][\/vc_column][\/vc_row][vc_row full_width=&#8221;stretch_row_content_no_spaces&#8221; css=&#8221;.vc_custom_1567339667324{background-color: #ffcc00 !important;}&#8221;][vc_column width=&#8221;1\/3&#8243;][\/vc_column][vc_column width=&#8221;1\/3&#8243;][vc_single_image image=&#8221;1114&#8243; img_size=&#8221;full&#8221; alignment=&#8221;center&#8221; style=&#8221;vc_box_rounded&#8221;][\/vc_column][vc_column width=&#8221;1\/3&#8243;][\/vc_column][\/vc_row][vc_row full_width=&#8221;stretch_row_content_no_spaces&#8221; css=&#8221;.vc_custom_1567339680451{background-color: #ffcc00 !important;}&#8221;][vc_column width=&#8221;1\/3&#8243;][\/vc_column][vc_column width=&#8221;1\/3&#8243;][vc_column_text]Wir schreiben das Jahr 1993 &#8211; In Zofingen (CH) erblickt Moreno Ivan Paganessi das Licht der Welt.<\/p>\n<p>Der heutige DJ\/ Produzent Ivan Paganessi aus Italien entdeckt als Junge schon sehr fr\u00fch den Rhythmus, den er im Blut hat. Als er im Alter von 11 Jahren zum ersten Mal ein Mischpult ber\u00fchrt, ist es klar: Deejay&#8217;ing liegt in seinem Blut. Als Jugendlicher ist er viel an Jugendtreffpartys als Gast dabei, wo ihn Deejay&#8217;s, die dort t\u00e4tig waren, begeistern. Ganz angetan von Remixes und Mashups beginnt Ivan Paganessi seine Musiklaufbahn als Hip-Hop Deejay und von diesem Zeitpunkt an stellte er seine Musikliebe regelm\u00e4ssig an Jugendtreffpartys unter Beweis.<\/p>\n<p>Doch sp\u00e4ter mit 15 Jahren entdeckt er seine Vorliebe zur House Musik. Mit 15 Jahren bekommt er sein erstes eigenes DJ-Equipment, mit dem er sich Tag f\u00fcr Tag in sein Zimmer zur\u00fcckzieht und seine Zeit der Musik widmet.<\/p>\n<p>Mit 16 Jahren lernt er Luigi Flaviano Scarnato kennen. Die beiden Deejays standen dazumal zusammen hinter den Decks und schnell wird ihnen klar, dass mehr dahinter steckt. Das erste Projekt, welches ihnen zu dieser Zeit Auftritte in gr\u00f6sseren Clubs, wie dem Baia Imperiale in Rimini (IT) oder dem Top10 in Singen (DE), verschuf, war \u201eLoretto Deejays\u201c. Aber nat\u00fcrlich legen sie auch regelm\u00e4ssig an gr\u00f6sseren Events in der Schweiz auf. Doch nach 2 Jahren enger Zusammenarbeit entscheiden sie sich daf\u00fcr, ihren eigenen musikalischen Weg einzuschlagen.\u00a0 Trotzdem arbeiten heute noch beide f\u00fcr verschiedene Projekte zusammen.<\/p>\n<p>Eine neue \u00c4ra beginnt, als Ivan Paganessi mit 18 Jahren sich dazu entscheidet, ein eigenes Musikstudio einzurichten, um seiner Leidenschaft vertiefter nachgehen zu k\u00f6nnen. Von da an produziert er fortlaufend melodische House Musik, die mitreissende Vocals enth\u00e4lt. 2014\/15 wurden die ersten Songs ver\u00f6ffentlicht. Zu den Vorlieben von Ivan Paganessi geh\u00f6rt aber nicht nur das Produzieren von eigenen Songs, sondern auch das Kreieren von Remixes f\u00fcr andere K\u00fcnstler.<\/p>\n<p>F\u00fcr Ivan Paganessi bedeutet Musik mehr, denn sie ist nicht nur eine Leidenschaft, sondern auch sein Herz und Blut. Daraus entsteht sein heutiges Motto \u201e Passion of Music \u201c, mit welchem er das Publikum begeistern und Emotionen verbreiten will.<\/p>\n<p>Abschliessend bedankt sich Ivan Paganessi herzlich bei allen, die ihn bis heute auf seinem musikalischen Weg begleitet sowie auch unterst\u00fctzt haben und dies auch weiterhin werden.[\/vc_column_text][vc_btn title=&#8221;Back to Mainpage&#8221; color=&#8221;black&#8221; align=&#8221;center&#8221; link=&#8221;url:https%3A%2F%2Fwww.ivanpaganessi.com%2F|title:Home||&#8221;][vc_empty_space height=&#8221;15px&#8221;][\/vc_column][vc_column width=&#8221;1\/3&#8243;][\/vc_column][\/vc_row]<\/p>\n<\/div>","protected":false},"excerpt":{"rendered":"<p>[vc_row full_width=&#8221;stretch_row_content_no_spaces&#8221; css=&#8221;.vc_custom_1567339625002{background-color: #ffcc00 !important;}&#8221;][vc_column][vc_custom_heading text=&#8221;\u00dcber mich &#8211; Ivan Paganessi&#8221; font_container=&#8221;tag:h2|text_align:center|color:%23000000&#8243; use_theme_fonts=&#8221;yes&#8221;][vc_empty_space height=&#8221;15px&#8221;][\/vc_column][\/vc_row][vc_row full_width=&#8221;stretch_row&#8221; css=&#8221;.vc_custom_1567936725711{background-color: #ffcc00 !important;}&#8221;][vc_column width=&#8221;1\/4&#8243;][\/vc_column][vc_column width=&#8221;1\/6&#8243;][vc_single_image image=&#8221;898&#8243; img_size=&#8221;full&#8221; alignment=&#8221;center&#8221; onclick=&#8221;custom_link&#8221; link=&#8221;https:\/\/www.ivanpaganessi.com\/index.php\/about-me-de\/&#8221;][\/vc_column][vc_column width=&#8221;1\/6&#8243;][vc_single_image image=&#8221;897&#8243; img_size=&#8221;full&#8221; alignment=&#8221;center&#8221; onclick=&#8221;custom_link&#8221; link=&#8221;https:\/\/www.ivanpaganessi.com\/index.php\/about-me-it\/&#8221;][\/vc_column][vc_column width=&#8221;1\/6&#8243;][vc_single_image image=&#8221;896&#8243; img_size=&#8221;full&#8221; alignment=&#8221;center&#8221; onclick=&#8221;custom_link&#8221; link=&#8221;https:\/\/www.ivanpaganessi.com\/index.php\/about-me-en\/&#8221;][\/vc_column][vc_column width=&#8221;1\/4&#8243;][\/vc_column][\/vc_row][vc_row full_width=&#8221;stretch_row_content_no_spaces&#8221; css=&#8221;.vc_custom_1567339667324{background-color: #ffcc00 !important;}&#8221;][vc_column width=&#8221;1\/3&#8243;][\/vc_column][vc_column width=&#8221;1\/3&#8243;][vc_single_image image=&#8221;1114&#8243; img_size=&#8221;full&#8221; alignment=&#8221;center&#8221; style=&#8221;vc_box_rounded&#8221;][\/vc_column][vc_column width=&#8221;1\/3&#8243;][\/vc_column][\/vc_row][vc_row full_width=&#8221;stretch_row_content_no_spaces&#8221; css=&#8221;.vc_custom_1567339680451{background-color: #ffcc00 !important;}&#8221;][vc_column width=&#8221;1\/3&#8243;][\/vc_column][vc_column width=&#8221;1\/3&#8243;][vc_column_text]Wir schreiben [&hellip;]<\/p>\n","protected":false},"author":1,"featured_media":0,"parent":0,"menu_order":0,"comment_status":"closed","ping_status":"closed","template":"","meta":{"footnotes":""},"class_list":["post-686","page","type-page","status-publish","hentry"],"yoast_head":"<!-- This site is optimized with the Yoast SEO plugin v27.5 - https:\/\/yoast.com\/product\/yoast-seo-wordpress\/ -->\n<title>About me - Ivan Paganessi<\/title>\n<meta name=\"robots\" content=\"index, follow, max-snippet:-1, max-image-preview:large, max-video-preview:-1\" \/>\n<link rel=\"canonical\" href=\"https:\/\/www.ivanpaganessi.com\/index.php\/about-me-de\/\" \/>\n<meta property=\"og:locale\" content=\"de_DE\" \/>\n<meta property=\"og:type\" content=\"article\" \/>\n<meta property=\"og:title\" content=\"About me - Ivan Paganessi\" \/>\n<meta property=\"og:description\" content=\"[vc_row full_width=&#8221;stretch_row_content_no_spaces&#8221; css=&#8221;.vc_custom_1567339625002{background-color: #ffcc00 !important;}&#8221;][vc_column][vc_custom_heading text=&#8221;\u00dcber mich &#8211; Ivan Paganessi&#8221; font_container=&#8221;tag:h2|text_align:center|color:%23000000&#8243; use_theme_fonts=&#8221;yes&#8221;][vc_empty_space height=&#8221;15px&#8221;][\/vc_column][\/vc_row][vc_row full_width=&#8221;stretch_row&#8221; css=&#8221;.vc_custom_1567936725711{background-color: #ffcc00 !important;}&#8221;][vc_column width=&#8221;1\/4&#8243;][\/vc_column][vc_column width=&#8221;1\/6&#8243;][vc_single_image image=&#8221;898&#8243; img_size=&#8221;full&#8221; alignment=&#8221;center&#8221; onclick=&#8221;custom_link&#8221; link=&#8221;https:\/\/www.ivanpaganessi.com\/index.php\/about-me-de\/&#8221;][\/vc_column][vc_column width=&#8221;1\/6&#8243;][vc_single_image image=&#8221;897&#8243; img_size=&#8221;full&#8221; alignment=&#8221;center&#8221; onclick=&#8221;custom_link&#8221; link=&#8221;https:\/\/www.ivanpaganessi.com\/index.php\/about-me-it\/&#8221;][\/vc_column][vc_column width=&#8221;1\/6&#8243;][vc_single_image image=&#8221;896&#8243; img_size=&#8221;full&#8221; alignment=&#8221;center&#8221; onclick=&#8221;custom_link&#8221; link=&#8221;https:\/\/www.ivanpaganessi.com\/index.php\/about-me-en\/&#8221;][\/vc_column][vc_column width=&#8221;1\/4&#8243;][\/vc_column][\/vc_row][vc_row full_width=&#8221;stretch_row_content_no_spaces&#8221; css=&#8221;.vc_custom_1567339667324{background-color: #ffcc00 !important;}&#8221;][vc_column width=&#8221;1\/3&#8243;][\/vc_column][vc_column width=&#8221;1\/3&#8243;][vc_single_image image=&#8221;1114&#8243; img_size=&#8221;full&#8221; alignment=&#8221;center&#8221; style=&#8221;vc_box_rounded&#8221;][\/vc_column][vc_column width=&#8221;1\/3&#8243;][\/vc_column][\/vc_row][vc_row full_width=&#8221;stretch_row_content_no_spaces&#8221; css=&#8221;.vc_custom_1567339680451{background-color: #ffcc00 !important;}&#8221;][vc_column width=&#8221;1\/3&#8243;][\/vc_column][vc_column width=&#8221;1\/3&#8243;][vc_column_text]Wir schreiben [&hellip;]\" \/>\n<meta property=\"og:url\" content=\"https:\/\/www.ivanpaganessi.com\/index.php\/about-me-de\/\" \/>\n<meta property=\"og:site_name\" content=\"Ivan Paganessi\" \/>\n<meta property=\"article:modified_time\" content=\"2019-09-25T18:13:10+00:00\" \/>\n<meta name=\"twitter:card\" content=\"summary_large_image\" \/>\n<meta name=\"twitter:label1\" content=\"Gesch\u00e4tzte Lesezeit\" \/>\n\t<meta name=\"twitter:data1\" content=\"3\u00a0Minuten\" \/>\n<script type=\"application\/ld+json\" class=\"yoast-schema-graph\">{\"@context\":\"https:\\\/\\\/schema.org\",\"@graph\":[{\"@type\":\"WebPage\",\"@id\":\"https:\\\/\\\/www.ivanpaganessi.com\\\/index.php\\\/about-me-de\\\/\",\"url\":\"https:\\\/\\\/www.ivanpaganessi.com\\\/index.php\\\/about-me-de\\\/\",\"name\":\"About me - Ivan Paganessi\",\"isPartOf\":{\"@id\":\"https:\\\/\\\/www.ivanpaganessi.com\\\/#website\"},\"datePublished\":\"2019-09-01T08:04:33+00:00\",\"dateModified\":\"2019-09-25T18:13:10+00:00\",\"breadcrumb\":{\"@id\":\"https:\\\/\\\/www.ivanpaganessi.com\\\/index.php\\\/about-me-de\\\/#breadcrumb\"},\"inLanguage\":\"de-CH\",\"potentialAction\":[{\"@type\":\"ReadAction\",\"target\":[\"https:\\\/\\\/www.ivanpaganessi.com\\\/index.php\\\/about-me-de\\\/\"]}]},{\"@type\":\"BreadcrumbList\",\"@id\":\"https:\\\/\\\/www.ivanpaganessi.com\\\/index.php\\\/about-me-de\\\/#breadcrumb\",\"itemListElement\":[{\"@type\":\"ListItem\",\"position\":1,\"name\":\"Home\",\"item\":\"https:\\\/\\\/www.ivanpaganessi.com\\\/\"},{\"@type\":\"ListItem\",\"position\":2,\"name\":\"About me\"}]},{\"@type\":\"WebSite\",\"@id\":\"https:\\\/\\\/www.ivanpaganessi.com\\\/#website\",\"url\":\"https:\\\/\\\/www.ivanpaganessi.com\\\/\",\"name\":\"Ivan Paganessi\",\"description\":\"\",\"potentialAction\":[{\"@type\":\"SearchAction\",\"target\":{\"@type\":\"EntryPoint\",\"urlTemplate\":\"https:\\\/\\\/www.ivanpaganessi.com\\\/?s={search_term_string}\"},\"query-input\":{\"@type\":\"PropertyValueSpecification\",\"valueRequired\":true,\"valueName\":\"search_term_string\"}}],\"inLanguage\":\"de-CH\"}]}<\/script>\n<!-- \/ Yoast SEO plugin. -->","yoast_head_json":{"title":"About me - Ivan Paganessi","robots":{"index":"index","follow":"follow","max-snippet":"max-snippet:-1","max-image-preview":"max-image-preview:large","max-video-preview":"max-video-preview:-1"},"canonical":"https:\/\/www.ivanpaganessi.com\/index.php\/about-me-de\/","og_locale":"de_DE","og_type":"article","og_title":"About me - Ivan Paganessi","og_description":"[vc_row full_width=&#8221;stretch_row_content_no_spaces&#8221; css=&#8221;.vc_custom_1567339625002{background-color: #ffcc00 !important;}&#8221;][vc_column][vc_custom_heading text=&#8221;\u00dcber mich &#8211; Ivan Paganessi&#8221; font_container=&#8221;tag:h2|text_align:center|color:%23000000&#8243; use_theme_fonts=&#8221;yes&#8221;][vc_empty_space height=&#8221;15px&#8221;][\/vc_column][\/vc_row][vc_row full_width=&#8221;stretch_row&#8221; css=&#8221;.vc_custom_1567936725711{background-color: #ffcc00 !important;}&#8221;][vc_column width=&#8221;1\/4&#8243;][\/vc_column][vc_column width=&#8221;1\/6&#8243;][vc_single_image image=&#8221;898&#8243; img_size=&#8221;full&#8221; alignment=&#8221;center&#8221; onclick=&#8221;custom_link&#8221; link=&#8221;https:\/\/www.ivanpaganessi.com\/index.php\/about-me-de\/&#8221;][\/vc_column][vc_column width=&#8221;1\/6&#8243;][vc_single_image image=&#8221;897&#8243; img_size=&#8221;full&#8221; alignment=&#8221;center&#8221; onclick=&#8221;custom_link&#8221; link=&#8221;https:\/\/www.ivanpaganessi.com\/index.php\/about-me-it\/&#8221;][\/vc_column][vc_column width=&#8221;1\/6&#8243;][vc_single_image image=&#8221;896&#8243; img_size=&#8221;full&#8221; alignment=&#8221;center&#8221; onclick=&#8221;custom_link&#8221; link=&#8221;https:\/\/www.ivanpaganessi.com\/index.php\/about-me-en\/&#8221;][\/vc_column][vc_column width=&#8221;1\/4&#8243;][\/vc_column][\/vc_row][vc_row full_width=&#8221;stretch_row_content_no_spaces&#8221; css=&#8221;.vc_custom_1567339667324{background-color: #ffcc00 !important;}&#8221;][vc_column width=&#8221;1\/3&#8243;][\/vc_column][vc_column width=&#8221;1\/3&#8243;][vc_single_image image=&#8221;1114&#8243; img_size=&#8221;full&#8221; alignment=&#8221;center&#8221; style=&#8221;vc_box_rounded&#8221;][\/vc_column][vc_column width=&#8221;1\/3&#8243;][\/vc_column][\/vc_row][vc_row full_width=&#8221;stretch_row_content_no_spaces&#8221; css=&#8221;.vc_custom_1567339680451{background-color: #ffcc00 !important;}&#8221;][vc_column width=&#8221;1\/3&#8243;][\/vc_column][vc_column width=&#8221;1\/3&#8243;][vc_column_text]Wir schreiben [&hellip;]","og_url":"https:\/\/www.ivanpaganessi.com\/index.php\/about-me-de\/","og_site_name":"Ivan Paganessi","article_modified_time":"2019-09-25T18:13:10+00:00","twitter_card":"summary_large_image","twitter_misc":{"Gesch\u00e4tzte Lesezeit":"3\u00a0Minuten"},"schema":{"@context":"https:\/\/schema.org","@graph":[{"@type":"WebPage","@id":"https:\/\/www.ivanpaganessi.com\/index.php\/about-me-de\/","url":"https:\/\/www.ivanpaganessi.com\/index.php\/about-me-de\/","name":"About me - Ivan Paganessi","isPartOf":{"@id":"https:\/\/www.ivanpaganessi.com\/#website"},"datePublished":"2019-09-01T08:04:33+00:00","dateModified":"2019-09-25T18:13:10+00:00","breadcrumb":{"@id":"https:\/\/www.ivanpaganessi.com\/index.php\/about-me-de\/#breadcrumb"},"inLanguage":"de-CH","potentialAction":[{"@type":"ReadAction","target":["https:\/\/www.ivanpaganessi.com\/index.php\/about-me-de\/"]}]},{"@type":"BreadcrumbList","@id":"https:\/\/www.ivanpaganessi.com\/index.php\/about-me-de\/#breadcrumb","itemListElement":[{"@type":"ListItem","position":1,"name":"Home","item":"https:\/\/www.ivanpaganessi.com\/"},{"@type":"ListItem","position":2,"name":"About me"}]},{"@type":"WebSite","@id":"https:\/\/www.ivanpaganessi.com\/#website","url":"https:\/\/www.ivanpaganessi.com\/","name":"Ivan Paganessi","description":"","potentialAction":[{"@type":"SearchAction","target":{"@type":"EntryPoint","urlTemplate":"https:\/\/www.ivanpaganessi.com\/?s={search_term_string}"},"query-input":{"@type":"PropertyValueSpecification","valueRequired":true,"valueName":"search_term_string"}}],"inLanguage":"de-CH"}]}},"_links":{"self":[{"href":"https:\/\/www.ivanpaganessi.com\/index.php\/wp-json\/wp\/v2\/pages\/686","targetHints":{"allow":["GET"]}}],"collection":[{"href":"https:\/\/www.ivanpaganessi.com\/index.php\/wp-json\/wp\/v2\/pages"}],"about":[{"href":"https:\/\/www.ivanpaganessi.com\/index.php\/wp-json\/wp\/v2\/types\/page"}],"author":[{"embeddable":true,"href":"https:\/\/www.ivanpaganessi.com\/index.php\/wp-json\/wp\/v2\/users\/1"}],"replies":[{"embeddable":true,"href":"https:\/\/www.ivanpaganessi.com\/index.php\/wp-json\/wp\/v2\/comments?post=686"}],"version-history":[{"count":18,"href":"https:\/\/www.ivanpaganessi.com\/index.php\/wp-json\/wp\/v2\/pages\/686\/revisions"}],"predecessor-version":[{"id":1116,"href":"https:\/\/www.ivanpaganessi.com\/index.php\/wp-json\/wp\/v2\/pages\/686\/revisions\/1116"}],"wp:attachment":[{"href":"https:\/\/www.ivanpaganessi.com\/index.php\/wp-json\/wp\/v2\/media?parent=686"}],"curies":[{"name":"wp","href":"https:\/\/api.w.org\/{rel}","templated":true}]}}